{"id":411,"date":"2024-09-02T20:46:09","date_gmt":"2024-09-02T17:46:09","guid":{"rendered":"http:\/\/nildenaksoy.com\/wpx\/?page_id=411"},"modified":"2024-09-02T21:24:17","modified_gmt":"2024-09-02T18:24:17","slug":"site-yeniden-duzenleniyor","status":"publish","type":"page","link":"https:\/\/nildenaksoy.com\/wpx\/","title":{"rendered":"BEKLEY\u0130N!"},"content":{"rendered":"<p style=\"text-align: center;\">Sitemiz Yeniden D\u00fczenlenmektedir.<\/p>\n<p style=\"text-align: center;\">L\u00fctfen Daha Sonra Tekrar U\u011fray\u0131n.<\/p>\n<p style=\"text-align: center;\">\u0130leti\u015fim: 0532 39 29 439<\/p>\n<div><\/div>\n","protected":false},"excerpt":{"rendered":"<p>Sitemiz Yeniden D\u00fczenlenmektedir. L\u00fctfen Daha Sonra Tekrar U\u011fray\u0131n. \u0130leti\u015fim: 0532 39 29 439<\/p>\n","protected":false},"author":1,"featured_media":0,"parent":0,"menu_order":0,"comment_status":"closed","ping_status":"closed","template":"templates\/template-full-width.php","meta":{"footnotes":""},"class_list":["post-411","page","type-page","status-publish","hentry"],"_links":{"self":[{"href":"https:\/\/nildenaksoy.com\/wpx\/wp-json\/wp\/v2\/pages\/411"}],"collection":[{"href":"https:\/\/nildenaksoy.com\/wpx\/wp-json\/wp\/v2\/pages"}],"about":[{"href":"https:\/\/nildenaksoy.com\/wpx\/wp-json\/wp\/v2\/types\/page"}],"author":[{"embeddable":true,"href":"https:\/\/nildenaksoy.com\/wpx\/wp-json\/wp\/v2\/users\/1"}],"replies":[{"embeddable":true,"href":"https:\/\/nildenaksoy.com\/wpx\/wp-json\/wp\/v2\/comments?post=411"}],"version-history":[{"count":5,"href":"https:\/\/nildenaksoy.com\/wpx\/wp-json\/wp\/v2\/pages\/411\/revisions"}],"predecessor-version":[{"id":423,"href":"https:\/\/nildenaksoy.com\/wpx\/wp-json\/wp\/v2\/pages\/411\/revisions\/423"}],"wp:attachment":[{"href":"https:\/\/nildenaksoy.com\/wpx\/wp-json\/wp\/v2\/media?parent=411"}],"curies":[{"name":"wp","href":"https:\/\/api.w.org\/{rel}","templated":true}]}}